{"id":6393,"date":"2025-01-21T15:15:13","date_gmt":"2025-01-21T15:15:13","guid":{"rendered":"https:\/\/gorgeoustourism.com\/sobre-nosotros\/"},"modified":"2025-01-31T06:36:53","modified_gmt":"2025-01-31T06:36:53","slug":"sobre-nosotros","status":"publish","type":"page","link":"https:\/\/gorgeoustourism.com\/es\/sobre-nosotros\/","title":{"rendered":"Sobre Nosotros"},"content":{"rendered":"[vc_row type=\u00bbfull_width_content\u00bb full_screen_row_position=\u00bbmiddle\u00bb column_margin=\u00bbdefault\u00bb equal_height=\u00bbyes\u00bb content_placement=\u00bbmiddle\u00bb column_direction=\u00bbdefault\u00bb column_direction_tablet=\u00bbdefault\u00bb column_direction_phone=\u00bbdefault\u00bb bg_color=\u00bb#f6efe7&#8243; scene_position=\u00bbcenter\u00bb top_padding=\u00bb5%\u00bb bottom_padding=\u00bb5%\u00bb left_padding_desktop=\u00bb6%\u00bb constrain_group_2=\u00bbyes\u00bb right_padding_desktop=\u00bb6%\u00bb top_padding_tablet=\u00bb20%\u00bb top_padding_phone=\u00bb25%\u00bb bottom_margin=\u00bb3%\u00bb text_color=\u00bbdark\u00bb text_align=\u00bbleft\u00bb row_border_radius=\u00bbnone\u00bb row_border_radius_applies=\u00bbbg\u00bb zindex=\u00bb100&#8243; overflow=\u00bbvisible\u00bb advanced_gradient_angle=\u00bb0&#8243; overlay_strength=\u00bb0.3&#8243; gradient_direction=\u00bbleft_to_right\u00bb shape_divider_position=\u00bbbottom\u00bb bg_image_animation=\u00bbfade-in\u00bb gradient_type=\u00bbdefault\u00bb shape_type=\u00bb\u00bb][vc_column column_padding=\u00bbno-extra-padding\u00bb column_padding_tablet=\u00bbinherit\u00bb column_padding_phone=\u00bbinherit\u00bb column_padding_position=\u00bball\u00bb column_element_direction_desktop=\u00bbdefault\u00bb column_element_spacing=\u00bbdefault\u00bb desktop_text_alignment=\u00bbdefault\u00bb tablet_text_alignment=\u00bbdefault\u00bb phone_text_alignment=\u00bbdefault\u00bb background_color_opacity=\u00bb1&#8243; background_hover_color_opacity=\u00bb1&#8243; column_backdrop_filter=\u00bbnone\u00bb column_shadow=\u00bbnone\u00bb column_border_radius=\u00bbnone\u00bb column_link_target=\u00bb_self\u00bb column_position=\u00bbdefault\u00bb advanced_gradient_angle=\u00bb0&#8243; gradient_direction=\u00bbleft_to_right\u00bb overlay_strength=\u00bb0.3&#8243; width=\u00bb1\/1&#8243; tablet_width_inherit=\u00bbdefault\u00bb animation_type=\u00bbdefault\u00bb bg_image_animation=\u00bbnone\u00bb border_type=\u00bbsimple\u00bb column_border_width=\u00bbnone\u00bb column_border_style=\u00bbsolid\u00bb gradient_type=\u00bbdefault\u00bb column_padding_type=\u00bbdefault\u00bb][split_line_heading animation_type=\u00bbline-reveal-by-space\u00bb font_style=\u00bbh1&#8243; line_reveal_by_space_text_effect=\u00bbdefault\u00bb stagger_animation=\u00bbtrue\u00bb mobile_disable_animation=\u00bbtrue\u00bb content_alignment=\u00bbdefault\u00bb mobile_content_alignment=\u00bbinherit\u00bb link_target=\u00bb_self\u00bb text_content=\u00bbGorgeous Tourism\u00bb text_direction=\u00bbdefault\u00bb][\/split_line_heading][vc_column_text css=\u00bb\u00bb text_direction=\u00bbdefault\u00bb]\n<h4>Tu socio de confianza en el turismo turco<\/h4>\n[\/vc_column_text][\/vc_column][\/vc_row][vc_row type=\u00bbin_container\u00bb full_screen_row_position=\u00bbmiddle\u00bb column_margin=\u00bbdefault\u00bb column_direction=\u00bbdefault\u00bb column_direction_tablet=\u00bbdefault\u00bb column_direction_phone=\u00bbdefault\u00bb scene_position=\u00bbcenter\u00bb text_color=\u00bbdark\u00bb text_align=\u00bbleft\u00bb row_border_radius=\u00bbnone\u00bb row_border_radius_applies=\u00bbbg\u00bb overflow=\u00bbvisible\u00bb overlay_strength=\u00bb0.3&#8243; gradient_direction=\u00bbleft_to_right\u00bb shape_divider_position=\u00bbbottom\u00bb bg_image_animation=\u00bbnone\u00bb][vc_column column_padding=\u00bbno-extra-padding\u00bb column_padding_tablet=\u00bbinherit\u00bb column_padding_phone=\u00bbinherit\u00bb column_padding_position=\u00bball\u00bb column_element_direction_desktop=\u00bbdefault\u00bb column_element_spacing=\u00bbdefault\u00bb desktop_text_alignment=\u00bbdefault\u00bb tablet_text_alignment=\u00bbdefault\u00bb phone_text_alignment=\u00bbdefault\u00bb background_color_opacity=\u00bb1&#8243; background_hover_color_opacity=\u00bb1&#8243; column_backdrop_filter=\u00bbnone\u00bb column_shadow=\u00bbnone\u00bb column_border_radius=\u00bbnone\u00bb column_link_target=\u00bb_self\u00bb column_position=\u00bbdefault\u00bb gradient_direction=\u00bbleft_to_right\u00bb overlay_strength=\u00bb0.3&#8243; width=\u00bb1\/1&#8243; tablet_width_inherit=\u00bbdefault\u00bb animation_type=\u00bbdefault\u00bb bg_image_animation=\u00bbnone\u00bb border_type=\u00bbsimple\u00bb column_border_width=\u00bbnone\u00bb column_border_style=\u00bbsolid\u00bb][vc_column_text css=\u00bb\u00bb text_direction=\u00bbdefault\u00bb]\n<h2>Sobre nosotros<\/h2>\n<p>Fundada en 2010 y con sede en la m\u00edstica regi\u00f3n de Capadocia, Gorgeous Tourism ha crecido desde sus inicios como una modesta agencia de viajes para convertirse en un l\u00edder en la industria del turismo. Nuestra organizaci\u00f3n abarca empresas de globos aerost\u00e1ticos, veh\u00edculos de safari y hoteles boutique, ofreciendo experiencias \u00fanicas y memorables a nuestros visitantes.<\/p>\n<h2>Nuestra Misi\u00f3n y Filosof\u00eda<\/h2>\n<p>En <strong>Gorgeous Tourism<\/strong>, trabajamos en colaboraci\u00f3n con nuestros clientes para hacer realidad sus sue\u00f1os vacacionales, comprometi\u00e9ndonos a proporcionar servicios tur\u00edsticos de alta calidad.<\/p>\n<h2>Visi\u00f3n<\/h2>\n<p>Aspiramos a desempe\u00f1ar un papel innovador, responsable y ejemplar en la industria del turismo en Turqu\u00eda. Nuestro objetivo es alcanzar y mantener el 100% de satisfacci\u00f3n de nuestros clientes y ser reconocidos como una empresa modelo en la regi\u00f3n.[\/vc_column_text][\/vc_column][\/vc_row][vc_row type=\u00bbin_container\u00bb full_screen_row_position=\u00bbmiddle\u00bb column_margin=\u00bbdefault\u00bb column_direction=\u00bbdefault\u00bb column_direction_tablet=\u00bbdefault\u00bb column_direction_phone=\u00bbdefault\u00bb scene_position=\u00bbcenter\u00bb text_color=\u00bbdark\u00bb text_align=\u00bbleft\u00bb row_border_radius=\u00bbnone\u00bb row_border_radius_applies=\u00bbbg\u00bb overflow=\u00bbvisible\u00bb overlay_strength=\u00bb0.3&#8243; gradient_direction=\u00bbleft_to_right\u00bb shape_divider_position=\u00bbbottom\u00bb bg_image_animation=\u00bbnone\u00bb][vc_column column_padding=\u00bbno-extra-padding\u00bb column_padding_tablet=\u00bbinherit\u00bb column_padding_phone=\u00bbinherit\u00bb column_padding_position=\u00bball\u00bb column_element_direction_desktop=\u00bbdefault\u00bb column_element_spacing=\u00bbdefault\u00bb desktop_text_alignment=\u00bbdefault\u00bb tablet_text_alignment=\u00bbdefault\u00bb phone_text_alignment=\u00bbdefault\u00bb background_color_opacity=\u00bb1&#8243; background_hover_color_opacity=\u00bb1&#8243; column_backdrop_filter=\u00bbnone\u00bb column_shadow=\u00bbnone\u00bb column_border_radius=\u00bbnone\u00bb column_link_target=\u00bb_self\u00bb column_position=\u00bbdefault\u00bb gradient_direction=\u00bbleft_to_right\u00bb overlay_strength=\u00bb0.3&#8243; width=\u00bb1\/1&#8243; tablet_width_inherit=\u00bbdefault\u00bb animation_type=\u00bbdefault\u00bb bg_image_animation=\u00bbnone\u00bb border_type=\u00bbsimple\u00bb column_border_width=\u00bbnone\u00bb column_border_style=\u00bbsolid\u00bb][vc_column_text css=\u00bb\u00bb text_direction=\u00bbdefault\u00bb]\n<h2>Reconocimientos y Premios<\/h2>\n<p><a href=\"https:\/\/www.tripadvisor.com\/Attraction_Review-g297983-d7593937-Reviews-Gorgeous_Travel_Daily_Tours_Balloon_Flights-Goreme_Cappadocia.html\"><img data-dominant-color=\"cccccc\" data-has-transparency=\"false\" style=\"--dominant-color: #cccccc;\" loading=\"lazy\" decoding=\"async\" class=\"alignleft wp-image-6279 size-thumbnail not-transparent\" src=\"https:\/\/gorgeoustourism.com\/wp-content\/uploads\/2025\/01\/tripadvisor-2024.600jpg-jpg-1-150x150.avif\" alt=\"\" width=\"150\" height=\"150\" srcset=\"https:\/\/gorgeoustourism.com\/wp-content\/uploads\/2025\/01\/tripadvisor-2024.600jpg-jpg-1-150x150.avif 150w, https:\/\/gorgeoustourism.com\/wp-content\/uploads\/2025\/01\/tripadvisor-2024.600jpg-jpg-1-140x140.avif 140w, https:\/\/gorgeoustourism.com\/wp-content\/uploads\/2025\/01\/tripadvisor-2024.600jpg-jpg-1-600x600.avif 600w, https:\/\/gorgeoustourism.com\/wp-content\/uploads\/2025\/01\/tripadvisor-2024.600jpg-jpg-1-100x100.avif 100w, https:\/\/gorgeoustourism.com\/wp-content\/uploads\/2025\/01\/tripadvisor-2024.600jpg-jpg-1-500x500.avif 500w, https:\/\/gorgeoustourism.com\/wp-content\/uploads\/2025\/01\/tripadvisor-2024.600jpg-jpg-1-350x350.avif 350w\" sizes=\"auto, (max-width: 150px) 100vw, 150px\" \/><\/a><\/p>\n<p>Gorgeous Travel se ha consolidado como una de las agencias de viajes m\u00e1s destacadas de la regi\u00f3n. Durante los \u00faltimos 7 a\u00f1os, hemos liderado las clasificaciones en TripAdvisor, con m\u00e1s de 3000 comentarios excelentes.<\/p>\n<p>Por 7\u00ba a\u00f1o consecutivo hemos ganado el prestigioso premio Travellers&#8217; Choice de Tripadvisor.[\/vc_column_text][\/vc_column][\/vc_row][vc_row type=\u00bbin_container\u00bb full_screen_row_position=\u00bbmiddle\u00bb column_margin=\u00bbdefault\u00bb column_direction=\u00bbdefault\u00bb column_direction_tablet=\u00bbdefault\u00bb column_direction_phone=\u00bbdefault\u00bb scene_position=\u00bbcenter\u00bb text_color=\u00bbdark\u00bb text_align=\u00bbleft\u00bb row_border_radius=\u00bbnone\u00bb row_border_radius_applies=\u00bbbg\u00bb overflow=\u00bbvisible\u00bb overlay_strength=\u00bb0.3&#8243; gradient_direction=\u00bbleft_to_right\u00bb shape_divider_position=\u00bbbottom\u00bb bg_image_animation=\u00bbnone\u00bb][vc_column column_padding=\u00bbno-extra-padding\u00bb column_padding_tablet=\u00bbinherit\u00bb column_padding_phone=\u00bbinherit\u00bb column_padding_position=\u00bball\u00bb column_element_direction_desktop=\u00bbdefault\u00bb column_element_spacing=\u00bbdefault\u00bb desktop_text_alignment=\u00bbdefault\u00bb tablet_text_alignment=\u00bbdefault\u00bb phone_text_alignment=\u00bbdefault\u00bb background_color_opacity=\u00bb1&#8243; background_hover_color_opacity=\u00bb1&#8243; column_backdrop_filter=\u00bbnone\u00bb column_shadow=\u00bbnone\u00bb column_border_radius=\u00bbnone\u00bb column_link_target=\u00bb_self\u00bb column_position=\u00bbdefault\u00bb gradient_direction=\u00bbleft_to_right\u00bb overlay_strength=\u00bb0.3&#8243; width=\u00bb1\/1&#8243; tablet_width_inherit=\u00bbdefault\u00bb animation_type=\u00bbdefault\u00bb bg_image_animation=\u00bbnone\u00bb border_type=\u00bbsimple\u00bb column_border_width=\u00bbnone\u00bb column_border_style=\u00bbsolid\u00bb][vc_column_text css=\u00bb\u00bb text_direction=\u00bbdefault\u00bb]\n<h2>Certificaci\u00f3n y Afiliaci\u00f3n<\/h2>\n<p><img data-dominant-color=\"dda5aa\" data-has-transparency=\"false\" style=\"--dominant-color: #dda5aa;\" loading=\"lazy\" decoding=\"async\" class=\"alignleft wp-image-6283 size-full not-transparent\" src=\"https:\/\/gorgeoustourism.com\/wp-content\/uploads\/2025\/01\/TURSAB-logo-300x125.jpg.avif\" alt=\"Logotipo TURSAB y n\u00famero de licencia 8202\" width=\"300\" height=\"125\"><\/p>\n<p>Nuestra agencia de viajes est\u00e1 registrada en T\u00dcRSAB (T\u00fcrkiye Seyahat Agentalar\u0131 Birli\u011fi, Asociaci\u00f3n de Agencias de Viajes Turcas) con el n\u00famero de licencia 8202.[\/vc_column_text][\/vc_column][\/vc_row][vc_row type=\u00bbin_container\u00bb full_screen_row_position=\u00bbmiddle\u00bb column_margin=\u00bbdefault\u00bb column_direction=\u00bbdefault\u00bb column_direction_tablet=\u00bbdefault\u00bb column_direction_phone=\u00bbdefault\u00bb scene_position=\u00bbcenter\u00bb text_color=\u00bbdark\u00bb text_align=\u00bbleft\u00bb row_border_radius=\u00bbnone\u00bb row_border_radius_applies=\u00bbbg\u00bb overflow=\u00bbvisible\u00bb overlay_strength=\u00bb0.3&#8243; gradient_direction=\u00bbleft_to_right\u00bb shape_divider_position=\u00bbbottom\u00bb bg_image_animation=\u00bbnone\u00bb][vc_column column_padding=\u00bbno-extra-padding\u00bb column_padding_tablet=\u00bbinherit\u00bb column_padding_phone=\u00bbinherit\u00bb column_padding_position=\u00bball\u00bb column_element_direction_desktop=\u00bbdefault\u00bb column_element_spacing=\u00bbdefault\u00bb desktop_text_alignment=\u00bbdefault\u00bb tablet_text_alignment=\u00bbdefault\u00bb phone_text_alignment=\u00bbdefault\u00bb background_color_opacity=\u00bb1&#8243; background_hover_color_opacity=\u00bb1&#8243; column_backdrop_filter=\u00bbnone\u00bb column_shadow=\u00bbnone\u00bb column_border_radius=\u00bbnone\u00bb column_link_target=\u00bb_self\u00bb column_position=\u00bbdefault\u00bb gradient_direction=\u00bbleft_to_right\u00bb overlay_strength=\u00bb0.3&#8243; width=\u00bb1\/1&#8243; tablet_width_inherit=\u00bbdefault\u00bb animation_type=\u00bbdefault\u00bb bg_image_animation=\u00bbnone\u00bb border_type=\u00bbsimple\u00bb column_border_width=\u00bbnone\u00bb column_border_style=\u00bbsolid\u00bb][vc_column_text css=\u00bb\u00bb text_direction=\u00bbdefault\u00bb]\n<h2>\u00bfPor qu\u00e9 asociarse con nosotros?<\/h2>\n[\/vc_column_text]<div class=\"nectar-fancy-ul\" data-list-icon=\"icon-salient-check\" data-animation=\"true\" data-animation-delay=\"10\" data-color=\"accent-color\" data-spacing=\"default\" data-alignment=\"left\"> \n<ul>\n<li>Experiencia: 15 a\u00f1os de trayectoria en el sector tur\u00edstico<\/li>\n<li>Calidad: Servicio enfocado en la satisfacci\u00f3n del cliente<\/li>\n<li>Fiabilidad: Miembro de T\u00dcRSAB (n\u00ba: 8202) y cumplimiento de est\u00e1ndares internacionales<\/li>\n<li>Flexibilidad: Soluciones personalizadas para cada viajero<\/li>\n<li>Garant\u00eda en globo aerost\u00e1tico: Disponibilidad asegurada<\/li>\n<\/ul>\n <\/div>[\/vc_column][\/vc_row]\n","protected":false},"excerpt":{"rendered":"<p>[vc_row type=\u00bbfull_width_content\u00bb full_screen_row_position=\u00bbmiddle\u00bb column_margin=\u00bbdefault\u00bb equal_height=\u00bbyes\u00bb content_placement=\u00bbmiddle\u00bb column_direction=\u00bbdefault\u00bb column_direction_tablet=\u00bbdefault\u00bb column_direction_phone=\u00bbdefault\u00bb bg_color=\u00bb#f6efe7&#8243; scene_position=\u00bbcenter\u00bb top_padding=\u00bb5%\u00bb bottom_padding=\u00bb5%\u00bb left_padding_desktop=\u00bb6%\u00bb constrain_group_2=\u00bbyes\u00bb right_padding_desktop=\u00bb6%\u00bb top_padding_tablet=\u00bb20%\u00bb top_padding_phone=\u00bb25%\u00bb bottom_margin=\u00bb3%\u00bb text_color=\u00bbdark\u00bb text_align=\u00bbleft\u00bb row_border_radius=\u00bbnone\u00bb row_border_radius_applies=\u00bbbg\u00bb zindex=\u00bb100&#8243; overflow=\u00bbvisible\u00bb advanced_gradient_angle=\u00bb0&#8243; overlay_strength=\u00bb0.3&#8243; gradient_direction=\u00bbleft_to_right\u00bb shape_divider_position=\u00bbbottom\u00bb bg_image_animation=\u00bbfade-in\u00bb&#8230;<\/p>\n","protected":false},"author":1,"featured_media":0,"parent":0,"menu_order":0,"comment_status":"closed","ping_status":"closed","template":"","meta":{"footnotes":""},"class_list":["post-6393","page","type-page","status-publish"],"aioseo_notices":[],"_links":{"self":[{"href":"https:\/\/gorgeoustourism.com\/es\/wp-json\/wp\/v2\/pages\/6393","targetHints":{"allow":["GET"]}}],"collection":[{"href":"https:\/\/gorgeoustourism.com\/es\/wp-json\/wp\/v2\/pages"}],"about":[{"href":"https:\/\/gorgeoustourism.com\/es\/wp-json\/wp\/v2\/types\/page"}],"author":[{"embeddable":true,"href":"https:\/\/gorgeoustourism.com\/es\/wp-json\/wp\/v2\/users\/1"}],"replies":[{"embeddable":true,"href":"https:\/\/gorgeoustourism.com\/es\/wp-json\/wp\/v2\/comments?post=6393"}],"version-history":[{"count":5,"href":"https:\/\/gorgeoustourism.com\/es\/wp-json\/wp\/v2\/pages\/6393\/revisions"}],"predecessor-version":[{"id":6432,"href":"https:\/\/gorgeoustourism.com\/es\/wp-json\/wp\/v2\/pages\/6393\/revisions\/6432"}],"wp:attachment":[{"href":"https:\/\/gorgeoustourism.com\/es\/wp-json\/wp\/v2\/media?parent=6393"}],"curies":[{"name":"wp","href":"https:\/\/api.w.org\/{rel}","templated":true}]}}